{"id":610,"date":"2016-11-03T13:28:59","date_gmt":"2016-11-03T13:28:59","guid":{"rendered":"http:\/\/translogic.dv.themerex.net\/?page_id=2"},"modified":"2023-06-17T17:07:16","modified_gmt":"2023-06-17T17:07:16","slug":"sample-page-2","status":"publish","type":"page","link":"https:\/\/aa-trading.co\/","title":{"rendered":"Home 1"},"content":{"rendered":"<p>[vc_row full_width=&#8221;stretch_row_content_no_spaces&#8221;][vc_column][rev_slider_vc alias=&#8221;home-1&#8243;][\/vc_column][\/vc_row][vc_row full_width=&#8221;stretch_row&#8221; css=&#8221;.vc_custom_1478525086569{background-image: url(http:\/\/aa-trading.co\/wp-content\/uploads\/2016\/11\/bg-2.jpg?id=499) !important;background-position: 0 0 !important;background-repeat: no-repeat !important;}&#8221;][vc_column][vc_empty_space height=&#8221;3.75em&#8221; alter_height=&#8221;none&#8221; hide_on_mobile=&#8221;&#8221;]<div  id=\"sc_promo_438566364\" \n\tclass=\"sc_promo sc_promo_default sc_promo_size_small sc_promo_image_position_right\"><div class=\"sc_promo_image\" style=\"background-image:url(https:\/\/aa-trading.co\/wp-content\/uploads\/2020\/08\/5d38f8c7-a643-4035-89bd-39d703e390ca.jpg);width:50%;right: 0;\"><\/div><div class=\"sc_promo_text\" style=\"width: 50%;float: left;\">\n\t\t\t<div class=\"sc_promo_text_inner sc_align_left\" style=\"\"><h6 class=\"sc_item_subtitle sc_promo_subtitle sc_align_left sc_item_title_style_default\">International<\/h6><h2 class=\"sc_item_title sc_promo_title sc_align_left sc_item_title_style_default\">Arka Adrian Company<\/h2><div class=\"sc_item_descr sc_promo_descr sc_align_left\">Arka Adrian is an operating as a specialized company in the field of import and export<br \/>\nThe company using the experience and knowledge of its expert team and extensive communication with major Iranian manufacturers and industrialists and also a wide network of international partners , has valuable reserves for our customers in all international transactions.<\/div><div class=\"sc_item_button sc_item_button_accent sc_promo_button sc_align_left sc_button_wrap\"><a href=\"\/contacts\/\" id=\"sc_button_1869151083\" class=\"sc_button sc_button_accent sc_button_size_normal sc_button_icon_left\"><span class=\"sc_button_text\"><span class=\"sc_button_title\">Contact Us<\/span><\/span><!-- \/.sc_button_text --><\/a><!-- \/.sc_button --><\/div><!-- \/.sc_item_button sc_item_button_accent sc_promo_button sc_align_left --><\/div>\n\t\t<\/div><!-- \/.sc_promo_text --><\/div><!-- \/.sc_promo -->[vc_empty_space height=&#8221;1.4em&#8221; alter_height=&#8221;none&#8221; hide_on_mobile=&#8221;&#8221;][\/vc_column][\/vc_row][vc_row full_width=&#8221;stretch_row&#8221; css=&#8221;.vc_custom_1478533897962{background-color: #f7f6f2 !important;}&#8221;][vc_column][vc_empty_space height=&#8221;4.2em&#8221; alter_height=&#8221;none&#8221; hide_on_mobile=&#8221;&#8221;]<div id=\"widget_slider_782374894\" class=\"widget_area sc_widget_slider vc_widget_slider wpb_content_element\"><aside id=\"widget_slider_782374894_widget\" class=\"widget widget_slider\">\t\t\t<div class=\"slider_wrap slider_engine_swiper\">\n\t\t\t\t<div id=\"widget_slider_782374894_outer\" class=\"slider_swiper_outer slider_style_default slider_outer_nocontrols slider_outer_nopagination slider_outer_titles_center slider_outer_multi\"><div id=\"widget_slider_782374894_swiper\" class=\"slider_swiper swiper-slider-container slider_nocontrols slider_nopagination slider_titles_center slider_multi slider_resize slider_height_fixed slider_type_bg\" data-ratio=\"16:9\" data-interval=\"7000\" data-effect=\"slide\" data-pagination=\"bullets\" data-slides-per-view=\"6\" data-slides-space=\"0\" style=\"height:236px;\">\n\t\t\t\t\t\t<div class=\"swiper-wrapper\"><div  class=\"swiper-slide\" data-image=\"https:\/\/aa-trading.co\/wp-content\/uploads\/2016\/11\/slide-5.png\" style=\"background-image:url(https:\/\/aa-trading.co\/wp-content\/uploads\/2016\/11\/slide-5.png);\"><\/div><div  class=\"swiper-slide\" data-image=\"https:\/\/aa-trading.co\/wp-content\/uploads\/2016\/11\/slide-3.png\" style=\"background-image:url(https:\/\/aa-trading.co\/wp-content\/uploads\/2016\/11\/slide-3.png);\"><\/div><div  class=\"swiper-slide\" data-image=\"https:\/\/aa-trading.co\/wp-content\/uploads\/2016\/11\/slide-6.png\" style=\"background-image:url(https:\/\/aa-trading.co\/wp-content\/uploads\/2016\/11\/slide-6.png);\"><\/div><div  class=\"swiper-slide\" data-image=\"https:\/\/aa-trading.co\/wp-content\/uploads\/2016\/11\/slide-4.png\" style=\"background-image:url(https:\/\/aa-trading.co\/wp-content\/uploads\/2016\/11\/slide-4.png);\"><\/div><div  class=\"swiper-slide\" data-image=\"https:\/\/aa-trading.co\/wp-content\/uploads\/2016\/11\/slide-2.png\" style=\"background-image:url(https:\/\/aa-trading.co\/wp-content\/uploads\/2016\/11\/slide-2.png);\"><\/div><div  class=\"swiper-slide\" data-image=\"https:\/\/aa-trading.co\/wp-content\/uploads\/2016\/11\/slide-1.png\" style=\"background-image:url(https:\/\/aa-trading.co\/wp-content\/uploads\/2016\/11\/slide-1.png);\"><\/div><\/div><\/div><\/div>\t\t\t<\/div>\n\t\t\t<\/aside><\/div>[vc_empty_space height=&#8221;1.2em&#8221; alter_height=&#8221;none&#8221; hide_on_mobile=&#8221;&#8221;][\/vc_column][\/vc_row][vc_row full_width=&#8221;stretch_row_content_no_spaces&#8221; css=&#8221;.vc_custom_1478532881550{background-color: #faf9f5 !important;}&#8221;][vc_column]<div  id=\"sc_promo_1470572139\" \n\tclass=\"sc_promo sc_promo_default sc_promo_size_large sc_promo_no_image\"><div class=\"sc_promo_text\" style=\"width: 100%;\">\n\t\t\t<div class=\"sc_promo_text_inner\" style=\"\"><div class=\"sc_promo_content sc_item_content\"><div class=\"sc_blogger sc_blogger_classic  vc_custom_1652610543867\" data-slides-per-view=\"3\" data-slides-min-width=\"150\"\t\t>\n\t\t<h6 class=\"sc_item_subtitle sc_blogger_subtitle sc_align_center sc_item_title_style_default\">Company's news<\/h6><h2 class=\"sc_item_title sc_blogger_title sc_align_center sc_item_title_style_default\">Latest News<\/h2><div class=\"sc_blogger_columns sc_item_columns trx_addons_columns_wrap columns_padding_bottom\"><div class=\"trx_addons_column-1_3\"><div id=\"post-1770\"\tclass=\"sc_blogger_item post_format_standard post-1770 post type-post status-publish format-standard has-post-thumbnail hentry category-news category-recent category-uncategorized tag-trade-marketing-import-export-international_trade-transit--\"><div class=\"post_featured with_thumb hover_dots sc_blogger_item_featured\"><img width=\"740\" height=\"524\" src=\"https:\/\/aa-trading.co\/wp-content\/uploads\/2025\/04\/make-an-image-for-business-of-trading-expor-and-import.-use-business-office-in-the-background-and-Map-of-the-Earth-infront-e1745493792316-1094x658-1-740x524.jpg\" class=\"attachment-translogic-thumb-big size-translogic-thumb-big wp-post-image\" alt=\"Analysis of methods of success in the export and import market\" loading=\"lazy\" \/><div class=\"mask\"><\/div><a href=\"https:\/\/aa-trading.co\/?p=1770\" aria-hidden=\"true\" class=\"icons\"><span><\/span><span><\/span><span><\/span><\/a><\/div><div class=\"sc_blogger_item_content entry-content\"><div class=\"sc_blogger_item_header entry-header\"><div class=\"post_meta\">\t\t\t\t\t<span class=\"post_meta_item post_categories\"><a href=\"https:\/\/aa-trading.co\/?cat=4\" rel=\"category\">News<\/a>, <a href=\"https:\/\/aa-trading.co\/?cat=5\" rel=\"category\">Recent<\/a>, <a href=\"https:\/\/aa-trading.co\/?cat=1\" rel=\"category\">Uncategorized<\/a><\/span>\n\t\t\t\t\t\t\t\t\t\t<span class=\"post_meta_item post_date\"><a href=\"https:\/\/aa-trading.co\/?p=1770\">2025-04-24<\/a><\/span>\n\t\t\t\t\t<\/div><!-- .post_meta --><h5 class=\"sc_blogger_item_title entry-title\"><a href=\"https:\/\/aa-trading.co\/?p=1770\" rel=\"bookmark\">Analysis of methods of success in the export and import market<\/a><\/h5><\/div><!-- .entry-header --><div class=\"sc_blogger_item_author\"><div class=\"post_meta\">\t\t\t\t<a class=\"post_meta_item post_author\" rel=\"author\" href=\"https:\/\/aa-trading.co\/?author=2\">\n\t\t\t\t\t<span>By <\/span>\n\t\t\t\t\tArka Adrian\t\t\t\t<\/a>\n\t\t\t\t<\/div><!-- .post_meta --><\/div><!-- .entry-header --><\/div><!-- .entry-content --><\/div><!-- .sc_blogger_item --><\/div><div class=\"trx_addons_column-1_3\"><div id=\"post-1764\"\tclass=\"sc_blogger_item post_format_standard post-1764 post type-post status-publish format-standard has-post-thumbnail hentry category-news category-recent\"><div class=\"post_featured with_thumb hover_dots sc_blogger_item_featured\"><img width=\"740\" height=\"524\" src=\"https:\/\/aa-trading.co\/wp-content\/uploads\/2024\/11\/Global-goods-trade-740x524.jpg\" class=\"attachment-translogic-thumb-big size-translogic-thumb-big wp-post-image\" alt=\"Global goods trade on track for gradual recovery despite lingering downside risks\" loading=\"lazy\" \/><div class=\"mask\"><\/div><a href=\"https:\/\/aa-trading.co\/?p=1764\" aria-hidden=\"true\" class=\"icons\"><span><\/span><span><\/span><span><\/span><\/a><\/div><div class=\"sc_blogger_item_content entry-content\"><div class=\"sc_blogger_item_header entry-header\"><div class=\"post_meta\">\t\t\t\t\t<span class=\"post_meta_item post_categories\"><a href=\"https:\/\/aa-trading.co\/?cat=4\" rel=\"category\">News<\/a>, <a href=\"https:\/\/aa-trading.co\/?cat=5\" rel=\"category\">Recent<\/a><\/span>\n\t\t\t\t\t\t\t\t\t\t<span class=\"post_meta_item post_date\"><a href=\"https:\/\/aa-trading.co\/?p=1764\">2024-11-02<\/a><\/span>\n\t\t\t\t\t<\/div><!-- .post_meta --><h5 class=\"sc_blogger_item_title entry-title\"><a href=\"https:\/\/aa-trading.co\/?p=1764\" rel=\"bookmark\">Global goods trade on track for gradual recovery despite lingering downside risks<\/a><\/h5><\/div><!-- .entry-header --><div class=\"sc_blogger_item_author\"><div class=\"post_meta\">\t\t\t\t<a class=\"post_meta_item post_author\" rel=\"author\" href=\"https:\/\/aa-trading.co\/?author=2\">\n\t\t\t\t\t<span>By <\/span>\n\t\t\t\t\tArka Adrian\t\t\t\t<\/a>\n\t\t\t\t<\/div><!-- .post_meta --><\/div><!-- .entry-header --><\/div><!-- .entry-content --><\/div><!-- .sc_blogger_item --><\/div><div class=\"trx_addons_column-1_3\"><div id=\"post-1759\"\tclass=\"sc_blogger_item post_format_standard post-1759 post type-post status-publish format-standard has-post-thumbnail hentry category-news category-recent tag-cryptocurrencies tag-cryptocurrency tag-export tag-import tag-trade\"><div class=\"post_featured with_thumb hover_dots sc_blogger_item_featured\"><img width=\"736\" height=\"524\" src=\"https:\/\/aa-trading.co\/wp-content\/uploads\/2024\/09\/fundamentalanalysis-tradingeducation-tradingcommunity-tradingpsychology-e1727073570941-736x524.jpeg\" class=\"attachment-translogic-thumb-big size-translogic-thumb-big wp-post-image\" alt=\"The Role of Cryptocurrencies in Facilitating International Trade\" loading=\"lazy\" \/><div class=\"mask\"><\/div><a href=\"https:\/\/aa-trading.co\/?p=1759\" aria-hidden=\"true\" class=\"icons\"><span><\/span><span><\/span><span><\/span><\/a><\/div><div class=\"sc_blogger_item_content entry-content\"><div class=\"sc_blogger_item_header entry-header\"><div class=\"post_meta\">\t\t\t\t\t<span class=\"post_meta_item post_categories\"><a href=\"https:\/\/aa-trading.co\/?cat=4\" rel=\"category\">News<\/a>, <a href=\"https:\/\/aa-trading.co\/?cat=5\" rel=\"category\">Recent<\/a><\/span>\n\t\t\t\t\t\t\t\t\t\t<span class=\"post_meta_item post_date\"><a href=\"https:\/\/aa-trading.co\/?p=1759\">2024-09-23<\/a><\/span>\n\t\t\t\t\t<\/div><!-- .post_meta --><h5 class=\"sc_blogger_item_title entry-title\"><a href=\"https:\/\/aa-trading.co\/?p=1759\" rel=\"bookmark\">The Role of Cryptocurrencies in Facilitating International Trade<\/a><\/h5><\/div><!-- .entry-header --><div class=\"sc_blogger_item_author\"><div class=\"post_meta\">\t\t\t\t<a class=\"post_meta_item post_author\" rel=\"author\" href=\"https:\/\/aa-trading.co\/?author=2\">\n\t\t\t\t\t<span>By <\/span>\n\t\t\t\t\tArka Adrian\t\t\t\t<\/a>\n\t\t\t\t<\/div><!-- .post_meta --><\/div><!-- .entry-header --><\/div><!-- .entry-content --><\/div><!-- .sc_blogger_item --><\/div><\/div><\/div><!-- \/.sc_blogger -->[vc_btn title=&#8221;All news&#8221; align=&#8221;center&#8221; link=&#8221;url:https%3A%2F%2Faa-trading.co%2Fcategory%2Fnews%2F|||&#8221;]<\/div><\/div>\n\t\t<\/div><!-- \/.sc_promo_text --><\/div><!-- \/.sc_promo -->[\/vc_column][\/vc_row][vc_row full_width=&#8221;stretch_row_content_no_spaces&#8221;][vc_column]<div  id=\"sc_promo_1409745633\" \n\tclass=\"sc_promo sc_promo_default  vc_custom_1597407968258 sc_promo_size_large sc_promo_image_position_right\"><div class=\"sc_promo_image\" style=\"background-image:url(https:\/\/aa-trading.co\/wp-content\/uploads\/2020\/08\/34d9b6d5-e679-4546-b195-d4c64305ba90.jpg);width:50%;right: 0;\"><\/div><div class=\"sc_promo_text\" style=\"width: 50%;float: left;\">\n\t\t\t<div class=\"sc_promo_text_inner\" style=\" margin:-2.7em 0 -3.3em;\"><div class=\"sc_promo_content sc_item_content\">[vc_column_text css=&#8221;.vc_custom_1483965158633{margin-bottom: 0.5em !important;}&#8221;]<\/p>\n<h2><i>Request<\/i><\/h2>\n<p>[\/vc_column_text][vc_column_text]<\/p>\n<h1>A Free Consultation<\/h1>\n<p>[\/vc_column_text][vc_empty_space height=&#8221;2.5em&#8221; alter_height=&#8221;none&#8221; hide_on_mobile=&#8221;&#8221;][vc_column_text]If your have any queastion , Your can contact with us[\/vc_column_text][vc_empty_space height=&#8221;3.2em&#8221; alter_height=&#8221;none&#8221; hide_on_mobile=&#8221;&#8221;]<div role=\"form\" class=\"wpcf7\" id=\"wpcf7-f806-o1\" lang=\"en-US\" dir=\"ltr\">\n<div class=\"screen-reader-response\"><p role=\"status\" aria-live=\"polite\" aria-atomic=\"true\"><\/p> <ul><\/ul><\/div>\n<form action=\"\/index.php?rest_route=%2Fwp%2Fv2%2Fpages%2F610#wpcf7-f806-o1\" method=\"post\" class=\"wpcf7-form init\" novalidate=\"novalidate\" data-status=\"init\">\n<div style=\"display: none;\">\n<input type=\"hidden\" name=\"_wpcf7\" value=\"806\" \/>\n<input type=\"hidden\" name=\"_wpcf7_version\" value=\"5.4.2\" \/>\n<input type=\"hidden\" name=\"_wpcf7_locale\" value=\"en_US\" \/>\n<input type=\"hidden\" name=\"_wpcf7_unit_tag\" value=\"wpcf7-f806-o1\" \/>\n<input type=\"hidden\" name=\"_wpcf7_container_post\" value=\"0\" \/>\n<input type=\"hidden\" name=\"_wpcf7_posted_data_hash\" value=\"\" \/>\n<input type=\"hidden\" name=\"_wpcf7_recaptcha_response\" value=\"\" \/>\n<\/div>\n<div class=\"columns_wrap\">\n<div class=\"column-1_2\"><span class=\"wpcf7-form-control-wrap your-name\"><input type=\"text\" name=\"your-name\" value=\"\" size=\"40\" class=\"wpcf7-form-control wpcf7-text wpcf7-validates-as-required\" aria-required=\"true\" aria-invalid=\"false\" placeholder=\"Your Name\" \/><\/span><\/div>\n<div class=\"column-1_2\"><span class=\"wpcf7-form-control-wrap your-email\"><input type=\"email\" name=\"your-email\" value=\"\" size=\"40\" class=\"wpcf7-form-control wpcf7-text wpcf7-email wpcf7-validates-as-required wpcf7-validates-as-email\" aria-required=\"true\" aria-invalid=\"false\" placeholder=\"Your Email\" \/><\/span><\/div>\n<div class=\"column-1_2\"><span class=\"wpcf7-form-control-wrap text-131\"><input type=\"text\" name=\"text-131\" value=\"\" size=\"40\" class=\"wpcf7-form-control wpcf7-text wpcf7-validates-as-required\" aria-required=\"true\" aria-invalid=\"false\" placeholder=\"Mobile Number\" \/><\/span><\/div>\n<div class=\"column-1_2\"><span class=\"wpcf7-form-control-wrap menu-990\"><select name=\"menu-990\" class=\"wpcf7-form-control wpcf7-select wpcf7-validates-as-required\" aria-required=\"true\" aria-invalid=\"false\"><option value=\"\">---<\/option><option value=\"Sales\">Sales<\/option><option value=\"Support\">Support<\/option><option value=\"CEO\">CEO<\/option><\/select><\/span><\/div>\n<div><span class=\"wpcf7-form-control-wrap your-message\"><textarea name=\"your-message\" cols=\"40\" rows=\"4\" class=\"wpcf7-form-control wpcf7-textarea\" aria-invalid=\"false\" placeholder=\"Message\"><\/textarea><\/span><\/div>\n<\/div>\n<p><input type=\"submit\" value=\"Send Message\" class=\"wpcf7-form-control wpcf7-submit\" \/><\/p>\n<noscript>\n\t\t\t<div class=\"wpcf7-response-output wpcf7-spam-blocked\">Your browser does not support JavaScript!. Please enable javascript in your browser in order to get form work properly.<\/div>\n\t<\/noscript><script type='text\/javascript'>\n\n\t\t\t\t\t\tif(contactform === undefined){\n\t\t\t\t\t\t\tvar contactform = [];\n\t\t\t\t\t\t}\n\t\t\t\t\t\tvar innerVal = [806,'mail_sent_ok','Thank you for your message. It has been sent.'];\n\t\t\t\t\t\tcontactform.push(innerVal);\n\t\t\t\t\t\tvar innerVal = [806,'mail_sent_ng','There was an error trying to send your message. Please try again later.'];\n\t\t\t\t\t\tcontactform.push(innerVal);\n\t\t\t\t\t\tvar innerVal = [806,'validation_error','One or more fields have an error. Please check and try again.'];\n\t\t\t\t\t\tcontactform.push(innerVal);\n\t\t\t\t\t\tvar innerVal = [806,'spam','There was an error trying to send your message. Please try again later.'];\n\t\t\t\t\t\tcontactform.push(innerVal);\n\t\t\t\t\t\tvar innerVal = [806,'accept_terms','You must accept the terms and conditions before sending your message.'];\n\t\t\t\t\t\tcontactform.push(innerVal);\n\t\t\t\t\t\tvar innerVal = [806,'invalid_required','The field is required.'];\n\t\t\t\t\t\tcontactform.push(innerVal);\n\t\t\t\t\t\tvar innerVal = [806,'invalid_too_long','The field is too long.'];\n\t\t\t\t\t\tcontactform.push(innerVal);\n\t\t\t\t\t\tvar innerVal = [806,'invalid_too_short','The field is too short.'];\n\t\t\t\t\t\tcontactform.push(innerVal);\n\t\t\t\t\t\tvar innerVal = [806,'upload_failed','There was an unknown error uploading the file.'];\n\t\t\t\t\t\tcontactform.push(innerVal);\n\t\t\t\t\t\tvar innerVal = [806,'upload_file_type_invalid','You are not allowed to upload files of this type.'];\n\t\t\t\t\t\tcontactform.push(innerVal);\n\t\t\t\t\t\tvar innerVal = [806,'upload_file_too_large','The file is too big.'];\n\t\t\t\t\t\tcontactform.push(innerVal);\n\t\t\t\t\t\tvar innerVal = [806,'upload_failed_php_error','There was an error uploading the file.'];\n\t\t\t\t\t\tcontactform.push(innerVal);\n\t\t\t\t\t\tvar innerVal = [806,'invalid_date','The date format is incorrect.'];\n\t\t\t\t\t\tcontactform.push(innerVal);\n\t\t\t\t\t\tvar innerVal = [806,'date_too_early','The date is before the earliest one allowed.'];\n\t\t\t\t\t\tcontactform.push(innerVal);\n\t\t\t\t\t\tvar innerVal = [806,'date_too_late','The date is after the latest one allowed.'];\n\t\t\t\t\t\tcontactform.push(innerVal);\n\t\t\t\t\t\tvar innerVal = [806,'invalid_number','The number format is invalid.'];\n\t\t\t\t\t\tcontactform.push(innerVal);\n\t\t\t\t\t\tvar innerVal = [806,'number_too_small','The number is smaller than the minimum allowed.'];\n\t\t\t\t\t\tcontactform.push(innerVal);\n\t\t\t\t\t\tvar innerVal = [806,'number_too_large','The number is larger than the maximum allowed.'];\n\t\t\t\t\t\tcontactform.push(innerVal);\n\t\t\t\t\t\tvar innerVal = [806,'quiz_answer_not_correct','The answer to the quiz is incorrect.'];\n\t\t\t\t\t\tcontactform.push(innerVal);\n\t\t\t\t\t\tvar innerVal = [806,'invalid_email','The e-mail address entered is invalid.'];\n\t\t\t\t\t\tcontactform.push(innerVal);\n\t\t\t\t\t\tvar innerVal = [806,'invalid_url','The URL is invalid.'];\n\t\t\t\t\t\tcontactform.push(innerVal);\n\t\t\t\t\t\tvar innerVal = [806,'invalid_tel','The telephone number is invalid.'];\n\t\t\t\t\t\tcontactform.push(innerVal);\n\t\t\t\t\t\tvar innerVal = [806,'gdpr',''];\n\t\t\t\t\t\tcontactform.push(innerVal);\n\t\t\t\t\t\t<\/script><div class=\"wpcf7-response-output\" aria-hidden=\"true\"><\/div><\/form><\/div><\/div><\/div>\n\t\t<\/div><!-- \/.sc_promo_text --><\/div><!-- \/.sc_promo -->[\/vc_column][\/vc_row][vc_row full_width=&#8221;stretch_row&#8221; scheme=&#8221;dark&#8221; css=&#8221;.vc_custom_1598187090073{background-color: #293842 !important;}&#8221;][vc_column width=&#8221;1\/2&#8243;][vc_empty_space height=&#8221;2em&#8221; alter_height=&#8221;none&#8221; hide_on_mobile=&#8221;&#8221;]<div id=\"sc_content_2057777148\"\n\t\tclass=\"sc_content sc_content_default sc_align_left sc_content_width_1_2\"><div class=\"sc_content_container\">[vc_column_text]<\/p>\n<h6>:: Phone<\/h6>\n<h6>+98 912 664 3565<\/h6>\n<h6>+90 551 059 4855<\/h6>\n<p>::\u00a0<a href=\"https:\/\/api.whatsapp.com\/send?phone=00905510594855\">whatsapp Support<\/a><\/p>\n<p>:: Email : <a href=\"mailto:info@aa-trading.co\">info@aa-trading.co<\/a><\/p>\n<address>\u00a0<\/address>\n<p>[\/vc_column_text]<\/div><\/div><!-- \/.sc_content -->[\/vc_column][vc_column width=&#8221;1\/2&#8243;][vc_empty_space height=&#8221;2em&#8221; alter_height=&#8221;none&#8221; hide_on_mobile=&#8221;&#8221;][vc_column_text]<strong>Tehran Office :<br \/>\n<\/strong>4th Floor, No. 498, Saman building, Kashani Street, TEHRAN, IRAN<\/p>\n<p><strong>Istanbul Office :<br \/>\n<\/strong>Unit 9,Floor 3,No 9, Ay\u015fecik St, \u015ei\u015fli, Istanbul, Turkey[\/vc_column_text][\/vc_column][\/vc_row]<\/p>\n","protected":false},"excerpt":{"rendered":"<p>[vc_row full_width=&#8221;stretch_row_content_no_spaces&#8221;][vc_column][rev_slider_vc alias=&#8221;home-1&#8243;][\/vc_column][\/vc_row][vc_row full_width=&#8221;stretch_row&#8221; css=&#8221;.vc_custom_1478525086569{background-image: url(http:\/\/aa-trading.co\/wp-content\/uploads\/2016\/11\/bg-2.jpg?id=499) !important;background-position: 0 0 !important;background-repeat: no-repeat !important;}&#8221;][vc_column][vc_empty_space height=&#8221;3.75em&#8221; alter_height=&#8221;none&#8221; hide_on_mobile=&#8221;&#8221;][vc_empty_space height=&#8221;1.4em&#8221; alter_height=&#8221;none&#8221; hide_on_mobile=&#8221;&#8221;][\/vc_column][\/vc_row][vc_row full_width=&#8221;stretch_row&#8221; css=&#8221;.vc_custom_1478533897962{background-color: #f7f6f2 !important;}&#8221;][vc_column][vc_empty_space height=&#8221;4.2em&#8221; alter_height=&#8221;none&#8221; hide_on_mobile=&#8221;&#8221;][vc_empty_space height=&#8221;1.2em&#8221; alter_height=&#8221;none&#8221; hide_on_mobile=&#8221;&#8221;][\/vc_column][\/vc_row][vc_row full_width=&#8221;stretch_row_content_no_spaces&#8221; css=&#8221;.vc_custom_1478532881550{background-color: #faf9f5 !important;}&#8221;][vc_column][\/vc_column][\/vc_row][vc_row full_width=&#8221;stretch_row_content_no_spaces&#8221;][vc_column][\/vc_column][\/vc_row][vc_row full_width=&#8221;stretch_row&#8221; scheme=&#8221;dark&#8221; css=&#8221;.vc_custom_1598187090073{background-color: #293842 !important;}&#8221;][vc_column width=&#8221;1\/2&#8243;][vc_empty_space height=&#8221;2em&#8221; alter_height=&#8221;none&#8221; hide_on_mobile=&#8221;&#8221;][\/vc_column][vc_column width=&#8221;1\/2&#8243;][vc_empty_space height=&#8221;2em&#8221; alter_height=&#8221;none&#8221; hide_on_mobile=&#8221;&#8221;][vc_column_text]Tehran Office : 4th Floor, No. 498, Saman building, Kashani Street, TEHRAN, IRAN Istanbul Office&hellip;<\/p>\n","protected":false},"author":2,"featured_media":0,"parent":0,"menu_order":0,"comment_status":"closed","ping_status":"open","template":"","meta":[],"_links":{"self":[{"href":"https:\/\/aa-trading.co\/index.php?rest_route=\/wp\/v2\/pages\/610"}],"collection":[{"href":"https:\/\/aa-trading.co\/index.php?rest_route=\/wp\/v2\/pages"}],"about":[{"href":"https:\/\/aa-trading.co\/index.php?rest_route=\/wp\/v2\/types\/page"}],"author":[{"embeddable":true,"href":"https:\/\/aa-trading.co\/index.php?rest_route=\/wp\/v2\/users\/2"}],"replies":[{"embeddable":true,"href":"https:\/\/aa-trading.co\/index.php?rest_route=%2Fwp%2Fv2%2Fcomments&post=610"}],"version-history":[{"count":42,"href":"https:\/\/aa-trading.co\/index.php?rest_route=\/wp\/v2\/pages\/610\/revisions"}],"predecessor-version":[{"id":1629,"href":"https:\/\/aa-trading.co\/index.php?rest_route=\/wp\/v2\/pages\/610\/revisions\/1629"}],"wp:attachment":[{"href":"https:\/\/aa-trading.co\/index.php?rest_route=%2Fwp%2Fv2%2Fmedia&parent=610"}],"curies":[{"name":"wp","href":"https:\/\/api.w.org\/{rel}","templated":true}]}}